{"id":159,"date":"2025-08-17T21:32:19","date_gmt":"2025-08-17T19:32:19","guid":{"rendered":"https:\/\/kasdimarisuth.com\/?page_id=159"},"modified":"2025-10-24T01:54:12","modified_gmt":"2025-10-23T23:54:12","slug":"restaurants","status":"publish","type":"page","link":"https:\/\/kasdimarisuth.com\/en\/curacao\/restaurants\/","title":{"rendered":"Restaurants"},"content":{"rendered":"<h1 class=\"wp-block-heading has-text-align-center has-large-font-size\"><strong>Restaurants close to the appartment<\/strong><\/h1>\n\n\n\n<p class=\"has-text-align-center\" style=\"font-size:17px\">Below you will find a selection of some of our favorite restaurants in the area that we definitely recommend you visit during your stay.<\/p>\n\n\n\n<div style=\"height:20px\" aria-hidden=\"true\" class=\"wp-block-spacer\"><\/div>\n\n\n\n<div class=\"wp-block-columns alignfull are-vertically-aligned-center is-layout-flex wp-container-core-columns-is-layout-6b2998fd wp-block-columns-is-layout-flex\">\n<div class=\"wp-block-column is-vertically-aligned-center is-layout-flow wp-block-column-is-layout-flow\" style=\"flex-basis:60%\">\n<div class=\"wp-block-columns are-vertically-aligned-center is-layout-flex wp-container-core-columns-is-layout-4d397ad4 wp-block-columns-is-layout-flex\">\n<div class=\"wp-block-column is-vertically-aligned-center is-layout-flow wp-block-column-is-layout-flow\">\n<h1 class=\"wp-block-heading alignwide has-text-align-center\"><strong>Landhuis Dani\u00ebl<\/strong><\/h1>\n\n\n\n<div class=\"wp-block-group is-content-justification-center\"><div class=\"wp-block-group__inner-container is-layout-constrained wp-block-group-is-layout-constrained\">\n<p style=\"font-size:15px\">Restaurant Landhuis Dani\u00ebl on Cura\u00e7ao is located in a beautifully restored country house from the 18th century. It is only 7.4 kilometers from the apartment, ideal for a short drive through the green interior. Upon arrival you will be welcomed by a peaceful atmosphere and the charm of the colonial past. The menu includes delicious local and international dishes, often prepared with fresh ingredients from their own garden. While you dine on the veranda, you can hear the tropical birds singing and feel the cooling breeze. Landhuis Dani\u00ebl is the perfect place for a relaxing evening in a unique, historic setting.<\/p>\n<\/div><\/div>\n<\/div>\n<\/div>\n<\/div>\n\n\n\n<div class=\"wp-block-column is-vertically-aligned-center is-layout-flow wp-block-column-is-layout-flow\" style=\"flex-basis:40%\"><div class=\"wp-block-image size-large is-style-rounded\">\n<figure class=\"alignright size-full is-resized has-custom-border\"><img loading=\"lazy\" decoding=\"async\" width=\"1100\" height=\"870\" src=\"https:\/\/kasdimarisuth.com\/wp-content\/uploads\/2025\/08\/landhuis-daniel-curacao-restaurant.jpg\" alt=\"\" class=\"wp-image-163\" style=\"border-top-left-radius:20rem;border-top-right-radius:20rem;border-bottom-left-radius:1rem;border-bottom-right-radius:1rem;width:350px\"\/><\/figure>\n<\/div><\/div>\n<\/div>\n\n\n\n<div style=\"height:40px\" aria-hidden=\"true\" class=\"wp-block-spacer\"><\/div>\n\n\n\n<div class=\"wp-block-columns alignfull are-vertically-aligned-center mlrg-reverse-mobile is-layout-flex wp-container-core-columns-is-layout-6b2998fd wp-block-columns-is-layout-flex\">\n<div class=\"wp-block-column is-vertically-aligned-center is-layout-flow wp-block-column-is-layout-flow\" style=\"flex-basis:40%\">\n<figure class=\"wp-block-image size-full is-resized has-custom-border size-large\"><img loading=\"lazy\" decoding=\"async\" width=\"250\" height=\"100\" src=\"https:\/\/kasdimarisuth.com\/wp-content\/uploads\/2025\/08\/logo_buurvrouw.png\" alt=\"\" class=\"wp-image-162\" style=\"border-top-left-radius:20rem;border-top-right-radius:20rem;border-bottom-left-radius:1rem;border-bottom-right-radius:1rem;width:350px\"\/><\/figure>\n<\/div>\n\n\n\n<div class=\"wp-block-column is-vertically-aligned-center is-layout-flow wp-block-column-is-layout-flow\" style=\"flex-basis:60%\">\n<div class=\"wp-block-columns are-vertically-aligned-center is-layout-flex wp-container-core-columns-is-layout-4d397ad4 wp-block-columns-is-layout-flex\">\n<div class=\"wp-block-column is-vertically-aligned-center is-layout-flow wp-block-column-is-layout-flow\">\n<h1 class=\"wp-block-heading alignwide has-text-align-center\"><strong>De Buurvrouw<\/strong><\/h1>\n\n\n\n<div class=\"wp-block-group is-content-justification-center\"><div class=\"wp-block-group__inner-container is-layout-constrained wp-block-group-is-layout-constrained\">\n<p style=\"font-size:15px\">Restaurant De Buurvrouw on Cura\u00e7ao is an attractive and rustic place, located just 9.3 kilometers from the apartment. The restaurant is located in an open-air setting, surrounded by tropical trees and a relaxed atmosphere. You can enjoy delicious dishes from the grill, with a cold drink under the starry sky. Both tourists and locals like to come here for the friendly service and easy-going character. The wooden tables and mood lighting provide a warm and inviting feeling. A dinner at De Buurvrouw is not only tasty, but also a real experience.<\/p>\n<\/div><\/div>\n<\/div>\n<\/div>\n<\/div>\n<\/div>\n\n\n\n<div style=\"height:40px\" aria-hidden=\"true\" class=\"wp-block-spacer\"><\/div>\n\n\n\n<div class=\"wp-block-columns alignfull are-vertically-aligned-center is-layout-flex wp-container-core-columns-is-layout-6b2998fd wp-block-columns-is-layout-flex\">\n<div class=\"wp-block-column is-vertically-aligned-center is-layout-flow wp-block-column-is-layout-flow\" style=\"flex-basis:60%\">\n<div class=\"wp-block-columns are-vertically-aligned-center is-layout-flex wp-container-core-columns-is-layout-4d397ad4 wp-block-columns-is-layout-flex\">\n<div class=\"wp-block-column is-vertically-aligned-center is-layout-flow wp-block-column-is-layout-flow\">\n<h1 class=\"wp-block-heading alignwide has-text-align-center\"><strong>Bali<\/strong><\/h1>\n\n\n\n<div class=\"wp-block-group is-content-justification-center\"><div class=\"wp-block-group__inner-container is-layout-constrained wp-block-group-is-layout-constrained\">\n<p style=\"font-size:15px\">Restaurant Bali on Cura\u00e7ao brings you an oriental atmosphere, just 10.5 kilometers from the apartment. As soon as you enter, you will taste the authentic Indonesian atmosphere with warm colors and traditional decoration. The menu is full of tasty dishes such as satay, rendang and gado gado, all freshly prepared. The friendly service makes you immediately feel welcome. Outside on the terrace you can enjoy your meal in peace under the Caribbean starry sky. Restaurant Bali is a culinary journey to Indonesia, in the middle of Cura\u00e7ao.<\/p>\n<\/div><\/div>\n<\/div>\n<\/div>\n<\/div>\n\n\n\n<div class=\"wp-block-column is-vertically-aligned-center is-layout-flow wp-block-column-is-layout-flow\" style=\"flex-basis:40%\"><div class=\"wp-block-image size-large is-style-rounded\">\n<figure class=\"alignright size-full is-resized has-custom-border\"><img loading=\"lazy\" decoding=\"async\" width=\"1100\" height=\"733\" src=\"https:\/\/kasdimarisuth.com\/wp-content\/uploads\/2025\/08\/restaurant-bali-grote-berg.jpg\" alt=\"\" class=\"wp-image-165\" style=\"border-top-left-radius:20rem;border-top-right-radius:20rem;border-bottom-left-radius:1rem;border-bottom-right-radius:1rem;width:350px\" srcset=\"https:\/\/kasdimarisuth.com\/wp-content\/uploads\/2025\/08\/restaurant-bali-grote-berg.jpg 1100w, https:\/\/kasdimarisuth.com\/wp-content\/uploads\/2025\/08\/restaurant-bali-grote-berg-300x200.jpg 300w, https:\/\/kasdimarisuth.com\/wp-content\/uploads\/2025\/08\/restaurant-bali-grote-berg-1024x682.jpg 1024w, https:\/\/kasdimarisuth.com\/wp-content\/uploads\/2025\/08\/restaurant-bali-grote-berg-768x512.jpg 768w\" sizes=\"auto, (max-width: 1100px) 100vw, 1100px\" \/><\/figure>\n<\/div><\/div>\n<\/div>\n\n\n\n<p><\/p>","protected":false},"excerpt":{"rendered":"<p>Restaurants in de buurt Hieronder vind je een selectie van enkele van onze favoriete restaurants in de omgeving die we je zeker aanraden om te bezoeken tijdens je verblijf. Landhuis Dani\u00ebl Restaurant Landhuis Dani\u00ebl op Cura\u00e7ao is gevestigd in een prachtig gerestaureerd landhuis uit de 18e eeuw. Het ligt op slechts 7,4 kilometer van het <a class=\"read-more\" href=\"https:\/\/kasdimarisuth.com\/en\/curacao\/restaurants\/\">READ MORE<\/a><\/p>","protected":false},"author":1,"featured_media":0,"parent":77,"menu_order":1,"comment_status":"closed","ping_status":"closed","template":"","meta":{"_glsr_average":0,"_glsr_ranking":0,"_glsr_reviews":0,"footnotes":""},"class_list":["post-159","page","type-page","status-publish","hentry"],"_links":{"self":[{"href":"https:\/\/kasdimarisuth.com\/en\/wp-json\/wp\/v2\/pages\/159","targetHints":{"allow":["GET"]}}],"collection":[{"href":"https:\/\/kasdimarisuth.com\/en\/wp-json\/wp\/v2\/pages"}],"about":[{"href":"https:\/\/kasdimarisuth.com\/en\/wp-json\/wp\/v2\/types\/page"}],"author":[{"embeddable":true,"href":"https:\/\/kasdimarisuth.com\/en\/wp-json\/wp\/v2\/users\/1"}],"replies":[{"embeddable":true,"href":"https:\/\/kasdimarisuth.com\/en\/wp-json\/wp\/v2\/comments?post=159"}],"version-history":[{"count":20,"href":"https:\/\/kasdimarisuth.com\/en\/wp-json\/wp\/v2\/pages\/159\/revisions"}],"predecessor-version":[{"id":623,"href":"https:\/\/kasdimarisuth.com\/en\/wp-json\/wp\/v2\/pages\/159\/revisions\/623"}],"up":[{"embeddable":true,"href":"https:\/\/kasdimarisuth.com\/en\/wp-json\/wp\/v2\/pages\/77"}],"wp:attachment":[{"href":"https:\/\/kasdimarisuth.com\/en\/wp-json\/wp\/v2\/media?parent=159"}],"curies":[{"name":"wp","href":"https:\/\/api.w.org\/{rel}","templated":true}]}}