{"id":694,"date":"2025-11-07T11:45:54","date_gmt":"2025-11-07T10:45:54","guid":{"rendered":"https:\/\/kasdimarisuth.com\/?page_id=694"},"modified":"2025-11-07T12:26:09","modified_gmt":"2025-11-07T11:26:09","slug":"reviews","status":"publish","type":"page","link":"https:\/\/kasdimarisuth.com\/en\/het-appartement\/reviews\/","title":{"rendered":"Reviews"},"content":{"rendered":"\n<div class=\"wp-block-columns is-layout-flex wp-container-core-columns-is-layout-9d6595d7 wp-block-columns-is-layout-flex\">\n<div class=\"wp-block-column is-layout-flow wp-block-column-is-layout-flow\">\n<h2 class=\"wp-block-heading\">Reviews<\/h2>\n\n\n<div class=\"has-text-align-left items-justified-left wp-block-site-reviews\"><div class=\"glsr glsr-default\" id=\"glsr_flnsp7yp\" data-from=\"block\" data-shortcode=\"site_reviews\" data-hide=\"title\" data-pagination=\"loadmore\"><div class=\"glsr-reviews-wrap\">\n    <div class=\"glsr-reviews\">\n        <div class=\"glsr-review\" data-id=\"750\" data-type=\"local\" id=\"review-750\" data-assigned='[]'>\n    \n    <div class=\"glsr-review-rating\"><div class=\"glsr-star-rating glsr-stars\" role=\"img\" aria-label=\"Rated 4 out of 5 stars\" data-rating=\"4\" data-reviews=\"0\"><span class=\"glsr-star glsr-star-full\" aria-hidden=\"true\"><\/span><span class=\"glsr-star glsr-star-full\" aria-hidden=\"true\"><\/span><span class=\"glsr-star glsr-star-full\" aria-hidden=\"true\"><\/span><span class=\"glsr-star glsr-star-full\" aria-hidden=\"true\"><\/span><span class=\"glsr-star glsr-star-empty\" aria-hidden=\"true\"><\/span><\/div><\/div> <div class=\"glsr-review-date\"><span class=\"glsr-tag-value\">11 April 2026<\/span><\/div>\n    \n    <div class=\"glsr-review-content\"><div class=\"glsr-tag-value\" data-expanded=\"false\"><p>Wij zijn 3 weken hier verbleven en vonden het erg prettig.<\/p>\n<p>Het appartement is basic maar voldoet prima voor de dingen die je nodig hebt. Er is een prima, schoon bed met een stille airco. Er is zeker sprake van een goede prijs\/kwaliteit verhouding.<\/p>\n<p class=\"glsr-hidden-text\" data-show-less=\"Show less\" data-show-more=\"Show more\" data-trigger=\"expand\">De eigenaars hebben een eigen buitenruimte, en maken zelf geen geb<span class=\"glsr-hidden\">ruik van het zwembad als de gasten zwemmen. We hadden dus zeker voldoende privacy. De eigenaars zijn erg vriendelijk en behulpzaam als je daarom vraagt.<\/span><\/p>\n<p class=\"glsr-hidden\">Wij vonden het zwembad erg prettig , een prima afmeting en diepte.<\/p>\n<p class=\"glsr-hidden\">Er waren drie reuze lieve honden, die zich natuurlijk af en toe lieten horen. In Curacao heeft praktisch iedere bewoner een hond voor de bewaking, dus je hoort altijd wel ergens een hond blaffen,waar je ook bent. Voor ons was dit zeker niet storend.<\/p>\n<p class=\"glsr-hidden\">Kortom voor ons een prima verblijfsadres, wij komen zeker terug, dank je wel Rob en Zandra<\/p><\/div><\/div>\n    \n    <div class=\"glsr-review-author\"><span class=\"glsr-tag-value\">Maria en Theo<\/span><\/div>  \n    \n<\/div>\n<div class=\"glsr-review\" data-id=\"746\" data-type=\"local\" id=\"review-746\" data-assigned='[]'>\n    \n    <div class=\"glsr-review-rating\"><div class=\"glsr-star-rating glsr-stars\" role=\"img\" aria-label=\"Rated 5 out of 5 stars\" data-rating=\"5\" data-reviews=\"0\"><span class=\"glsr-star glsr-star-full\" aria-hidden=\"true\"><\/span><span class=\"glsr-star glsr-star-full\" aria-hidden=\"true\"><\/span><span class=\"glsr-star glsr-star-full\" aria-hidden=\"true\"><\/span><span class=\"glsr-star glsr-star-full\" aria-hidden=\"true\"><\/span><span class=\"glsr-star glsr-star-full\" aria-hidden=\"true\"><\/span><\/div><\/div> <div class=\"glsr-review-date\"><span class=\"glsr-tag-value\">15 January 2026<\/span><\/div>\n    \n    <div class=\"glsr-review-content\"><div class=\"glsr-tag-value\" data-expanded=\"false\"><p>Pasamos una hermosa semana en su casa, muy cerca de nuestra playa preferida Cas Abao, excelente ubicaci\u00f3n. Zandra y Rob fueron muy serviciales ayud\u00e1ndonos para que estemos c\u00f3modos con nuestra beb\u00e9 y para que nuestra estad\u00eda sea perfecta. Esperamos poder volver pronto.<\/p>\n<p>Familia Pacheco Mazzali de Argentina<\/p>\n<p class=\"glsr-hidden-text\" data-show-less=\"Show less\" data-show-more=\"Show more\" data-trigger=\"expand\">We had a wonderful week at their home, ve<span class=\"glsr-hidden\">ry close to our favorite beach, Cas Abao\u2014an excellent location. Zandra and Rob were incredibly helpful, making sure we were comfortable with our baby and that our stay was perfect. We hope to return soon.<\/span><\/p>\n<p class=\"glsr-hidden\">Pacheco Mazzali Family from Argentina<\/p><\/div><\/div>\n    \n    <div class=\"glsr-review-author\"><span class=\"glsr-tag-value\">Marina Pacheco<\/span><\/div>  \n    \n<\/div>\n<div class=\"glsr-review\" data-id=\"744\" data-type=\"local\" id=\"review-744\" data-assigned='[]'>\n    \n    <div class=\"glsr-review-rating\"><div class=\"glsr-star-rating glsr-stars\" role=\"img\" aria-label=\"Rated 5 out of 5 stars\" data-rating=\"5\" data-reviews=\"0\"><span class=\"glsr-star glsr-star-full\" aria-hidden=\"true\"><\/span><span class=\"glsr-star glsr-star-full\" aria-hidden=\"true\"><\/span><span class=\"glsr-star glsr-star-full\" aria-hidden=\"true\"><\/span><span class=\"glsr-star glsr-star-full\" aria-hidden=\"true\"><\/span><span class=\"glsr-star glsr-star-full\" aria-hidden=\"true\"><\/span><\/div><\/div> <div class=\"glsr-review-date\"><span class=\"glsr-tag-value\">8 January 2026<\/span><\/div>\n    \n    <div class=\"glsr-review-content\"><div class=\"glsr-tag-value\" data-expanded=\"false\"><p>Dankzij jullie gastvrijheid voelde onze vakantie als thuis. We zien jullie snel weer terug.<\/p><\/div><\/div>\n    \n    <div class=\"glsr-review-author\"><span class=\"glsr-tag-value\">Fam.Busby<\/span><\/div>  \n    \n<\/div>\n<div class=\"glsr-review\" data-id=\"742\" data-type=\"local\" id=\"review-742\" data-assigned='[]'>\n    \n    <div class=\"glsr-review-rating\"><div class=\"glsr-star-rating glsr-stars\" role=\"img\" aria-label=\"Rated 5 out of 5 stars\" data-rating=\"5\" data-reviews=\"0\"><span class=\"glsr-star glsr-star-full\" aria-hidden=\"true\"><\/span><span class=\"glsr-star glsr-star-full\" aria-hidden=\"true\"><\/span><span class=\"glsr-star glsr-star-full\" aria-hidden=\"true\"><\/span><span class=\"glsr-star glsr-star-full\" aria-hidden=\"true\"><\/span><span class=\"glsr-star glsr-star-full\" aria-hidden=\"true\"><\/span><\/div><\/div> <div class=\"glsr-review-date\"><span class=\"glsr-tag-value\">3 January 2026<\/span><\/div>\n    \n    <div class=\"glsr-review-content\"><div class=\"glsr-tag-value\" data-expanded=\"false\"><p>Fijn ontvangen door Rob en Zandra. Goede locatie, dichtbij de mooie stranden en Willemstad.<\/p>\n<p>Fijn en compleet appartement<\/p><\/div><\/div>\n    \n    <div class=\"glsr-review-author\"><span class=\"glsr-tag-value\">Wendy Olverink<\/span><\/div>  \n    \n<\/div>\n<div class=\"glsr-review\" data-id=\"735\" data-type=\"local\" id=\"review-735\" data-assigned='[]'>\n    \n    <div class=\"glsr-review-rating\"><div class=\"glsr-star-rating glsr-stars\" role=\"img\" aria-label=\"Rated 5 out of 5 stars\" data-rating=\"5\" data-reviews=\"0\"><span class=\"glsr-star glsr-star-full\" aria-hidden=\"true\"><\/span><span class=\"glsr-star glsr-star-full\" aria-hidden=\"true\"><\/span><span class=\"glsr-star glsr-star-full\" aria-hidden=\"true\"><\/span><span class=\"glsr-star glsr-star-full\" aria-hidden=\"true\"><\/span><span class=\"glsr-star glsr-star-full\" aria-hidden=\"true\"><\/span><\/div><\/div> <div class=\"glsr-review-date\"><span class=\"glsr-tag-value\">17 November 2025<\/span><\/div>\n    \n    <div class=\"glsr-review-content\"><div class=\"glsr-tag-value\" data-expanded=\"false\"><p>Op een prima locatie op het eiland vind je deze locatie. Een zeer vriendelijk ontvangst door Rob en Zandra. Indien er een probleem is wordt dit direct opgelost. Echt de moeite waard.<\/p><\/div><\/div>\n    \n    <div class=\"glsr-review-author\"><span class=\"glsr-tag-value\">Harm van der Molen<\/span><\/div>  \n    \n<\/div>\n    <\/div>\n    \n<\/div><\/div><\/div><\/div>\n\n\n\n<div class=\"wp-block-column is-layout-flow wp-block-column-is-layout-flow\">\n<h2 class=\"wp-block-heading\">Laat uw eigen review achter<\/h2>\n\n\n<div class=\"items-justified-left wp-block-site-reviews-form\"><div class=\"glsr glsr-default\" id=\"glsr_yk8paitm\" data-from=\"block\" data-shortcode=\"site_reviews_form\" data-hide=\"terms,title,email\"><div class=\"glsr-form-wrap\">\n    <form class=\"glsr-form glsr-review-form\" method=\"post\" enctype=\"multipart\/form-data\">\n        <input type=\"hidden\" name=\"site-reviews[_action]\" value=\"submit-review\" \/>\n<input type=\"hidden\" name=\"site-reviews[_nonce]\" value=\"bc66fec430\" \/>\n<input type=\"hidden\" name=\"site-reviews[_post_id]\" value=\"694\" \/>\n<input type=\"hidden\" name=\"site-reviews[_referer]\" value=\"\" \/>\n<input type=\"hidden\" name=\"site-reviews[assigned_posts]\" value=\"\" \/>\n<input type=\"hidden\" name=\"site-reviews[assigned_terms]\" value=\"\" \/>\n<input type=\"hidden\" name=\"site-reviews[assigned_users]\" value=\"\" \/>\n<input type=\"hidden\" name=\"site-reviews[excluded]\" value=\"terms, title, email\" \/>\n<input type=\"hidden\" name=\"site-reviews[form_id]\" value=\"glsr_yk8paitm\" \/>\n<input type=\"hidden\" name=\"site-reviews[form_signature]\" value=\"7zflkOxRR9tnbUnydfA5CEVyKoaZ6V9NQ6HxCpruJf0vcKfpBfUb15z0_2f0YJ8e7uFsBa7ie1ScMBs9CPM6dOBeXWnttg0YlW8_p-xv-2qDAy4xOeAlOttx31u4GuFl-jt-v6sY6G1GcVIm0rlxNHccJN5Sqhs5hBc0CjNaCanS9UrE0ycm4byQ7sje9nGPZXKr0FM8eWa-ZEnGuEKTPGK3WfXbLGUuQD0nndWklthpO9DXzGTZbccs8WayZYZpVPGBHG2-pgW6eIr7rNjLWfWeViJrXXOiwt8DSboRId_qy-YFo5E03BrFHtUkTI25lzR5yJFWwFfsrQH816cAAYYmBbfGG57e9lzocKzN_t5yMQ-j9f0gHD_tFLyNDbozsS0ihXZmqTI8qW4Zvu8vREzLZr8lWiZKMbAHdIfCvE8zV4xqq8xEpx88y-kztYHqlD1BZEUAw_UQO0_V2nE2\" \/>\n<input type=\"hidden\" name=\"site-reviews[terms_exist]\" value=\"0\" \/>\n<div class=\"glsr-field\" style=\"display:none;\"><label for=\"site-reviews-40702ca6-glsr_yk8paitm\">Your review<\/label><input type=\"text\" class=\"glsr-input glsr-input-text\" id=\"site-reviews-40702ca6-glsr_yk8paitm\" name=\"site-reviews[40702ca6]\" value=\"\" \/><\/div>\n<div class=\"glsr-field glsr-field-rating glsr-required\" data-field=\"rating\" data-type=\"rating\">\n    <label class=\"glsr-label\" for=\"glsr_yk8paitm-rating\">\n    <span>Your overall rating<\/span>\n<\/label>\n    <select class=\"browser-default disable-select glsr-select no-wrap no_wrap\" id=\"glsr_yk8paitm-rating\" name=\"site-reviews[rating]\" required><option value=\"\">Select a Rating<\/option><option value=\"5\">5 Stars<\/option><option value=\"4\">4 Stars<\/option><option value=\"3\">3 Stars<\/option><option value=\"2\">2 Stars<\/option><option value=\"1\">1 Star<\/option><\/select>\n    <div class=\"glsr-field-error\"><\/div>\n<\/div>\n<div class=\"glsr-field glsr-field-textarea glsr-required\" data-field=\"content\" data-type=\"textarea\">\n    <label class=\"glsr-label\" for=\"glsr_yk8paitm-content\">\n    <span>Your review<\/span>\n<\/label>\n    <textarea class=\"glsr-textarea\" id=\"glsr_yk8paitm-content\" name=\"site-reviews[content]\" required placeholder=\"Tell people your review\" rows=\"5\"><\/textarea>\n    <div class=\"glsr-field-error\"><\/div>\n<\/div>\n<div class=\"glsr-field glsr-field-text glsr-required\" data-field=\"name\" data-type=\"text\">\n    <label class=\"glsr-label\" for=\"glsr_yk8paitm-name\">\n    <span>Your name<\/span>\n<\/label>\n    <input type=\"text\" class=\"glsr-input glsr-input-text\" id=\"glsr_yk8paitm-name\" name=\"site-reviews[name]\" required placeholder=\"Tell us your name\" value=\"\" \/>\n    <div class=\"glsr-field-error\"><\/div>\n<\/div>\n        <div class=\"glsr-form-message\">\n    \n<\/div>\n        <div data-field=\"submit-button\">\n    <div class=\"wp-block-buttons is-layout-flex\">\n        <div class=\"wp-block-button\">\n            <button type=\"submit\" class=\"glsr-button wp-block-button__link wp-element-button\" aria-busy=\"false\" data-loading=\"Submitting, please wait...\">Submit Review<\/button>\n        <\/div>\n    <\/div>\n<\/div><div class=\"glsr-captcha-holder\"><\/div>\n    <\/form>\n<\/div><\/div><\/div><\/div>\n<\/div>\n\n\n\n<p><\/p>\n","protected":false},"excerpt":{"rendered":"<p>Reviews Laat uw eigen review achter<\/p>","protected":false},"author":1,"featured_media":0,"parent":184,"menu_order":0,"comment_status":"closed","ping_status":"closed","template":"","meta":{"_glsr_average":0,"_glsr_ranking":0,"_glsr_reviews":0,"footnotes":""},"class_list":["post-694","page","type-page","status-publish","hentry"],"_links":{"self":[{"href":"https:\/\/kasdimarisuth.com\/en\/wp-json\/wp\/v2\/pages\/694","targetHints":{"allow":["GET"]}}],"collection":[{"href":"https:\/\/kasdimarisuth.com\/en\/wp-json\/wp\/v2\/pages"}],"about":[{"href":"https:\/\/kasdimarisuth.com\/en\/wp-json\/wp\/v2\/types\/page"}],"author":[{"embeddable":true,"href":"https:\/\/kasdimarisuth.com\/en\/wp-json\/wp\/v2\/users\/1"}],"replies":[{"embeddable":true,"href":"https:\/\/kasdimarisuth.com\/en\/wp-json\/wp\/v2\/comments?post=694"}],"version-history":[{"count":11,"href":"https:\/\/kasdimarisuth.com\/en\/wp-json\/wp\/v2\/pages\/694\/revisions"}],"predecessor-version":[{"id":728,"href":"https:\/\/kasdimarisuth.com\/en\/wp-json\/wp\/v2\/pages\/694\/revisions\/728"}],"up":[{"embeddable":true,"href":"https:\/\/kasdimarisuth.com\/en\/wp-json\/wp\/v2\/pages\/184"}],"wp:attachment":[{"href":"https:\/\/kasdimarisuth.com\/en\/wp-json\/wp\/v2\/media?parent=694"}],"curies":[{"name":"wp","href":"https:\/\/api.w.org\/{rel}","templated":true}]}}